{"id":50,"date":"2017-08-19T17:44:55","date_gmt":"2017-08-19T17:44:55","guid":{"rendered":"http:\/\/heller-kopf.de\/?page_id=50"},"modified":"2017-08-19T18:18:42","modified_gmt":"2017-08-19T18:18:42","slug":"vde-seminar-neuerscheinungen-fachliche-vorschriften","status":"publish","type":"page","link":"https:\/\/heller-kopf.de\/?page_id=50","title":{"rendered":"VDE Seminar Neuerscheinungen fachliche Vorschriften"},"content":{"rendered":"<p>In diesen Seminar wurden folgende Themenbereiche behandelt:<\/p>\n<ul>\n<li>Rechtliche Grundlagen (NAV) \u00a0sowie Aufbau und Gliederung des VDE-Normenwerkes<\/li>\n<li>VDE0197 Kennzeichnung von elektrischen Leitungen und Anschlusspunkten<\/li>\n<li>DIN 18015 Teil 1 Elektrische Anlagen in Wohngeb\u00e4uden &#8211; Teil 1 &#8211; Planungsgrundlage<\/li>\n<li>VDE 0100-4101 Anforderungen an Z\u00e4hlerpl\u00e4tze<\/li>\n<li>VDE 0100-410 Schutzma\u00dfnahmen<\/li>\n<\/ul>\n<p>Zus\u00e4tzlich wurden die Themen besprochen:<\/p>\n<ul>\n<li>VDE 0100-510 Betriebsmittel, allgemeine Grunds\u00e4tze<\/li>\n<li>VDE 0100-530 Schaltger\u00e4te, Einsatzgebiete versch. RCD-Typen<\/li>\n<li>VDE 0100-540 Erdung und Schutzpotentialausgleich<\/li>\n<li>VDE 0100-704 Baustellen<\/li>\n<li>VDE 0100 Teil 420 Schutz gegen thermische Auswirkungen (Feuergef\u00e4rdete Betriebsst\u00e4tten)<\/li>\n<\/ul>\n<p><a href=\"http:\/\/heller-kopf.de\/wp-content\/uploads\/2017\/08\/Zert-BZL-VDE.pdf\" target=\"_blank\" rel=\"noopener\"><img loading=\"lazy\" decoding=\"async\" class=\"alignnone wp-image-58 size-medium\" src=\"http:\/\/heller-kopf.de\/wp-content\/uploads\/2017\/08\/Zert-BZL-VDE-212x300.jpg\" alt=\"\" width=\"212\" height=\"300\" srcset=\"https:\/\/heller-kopf.de\/wp-content\/uploads\/2017\/08\/Zert-BZL-VDE-212x300.jpg 212w, https:\/\/heller-kopf.de\/wp-content\/uploads\/2017\/08\/Zert-BZL-VDE-768x1088.jpg 768w, https:\/\/heller-kopf.de\/wp-content\/uploads\/2017\/08\/Zert-BZL-VDE-723x1024.jpg 723w\" sizes=\"(max-width: 212px) 100vw, 212px\" \/><\/a><\/p>\n","protected":false},"excerpt":{"rendered":"<p>In diesen Seminar wurden folgende Themenbereiche behandelt: Rechtliche Grundlagen (NAV) \u00a0sowie Aufbau und Gliederung des VDE-Normenwerkes VDE0197 Kennzeichnung von elektrischen Leitungen und Anschlusspunkten DIN 18015 Teil 1 Elektrische Anlagen in Wohngeb\u00e4uden &#8211; Teil 1 &#8211; Planungsgrundlage VDE 0100-4101 Anforderungen an Z\u00e4hlerpl\u00e4tze VDE 0100-410 Schutzma\u00dfnahmen Zus\u00e4tzlich wurden die Themen besprochen: VDE 0100-510 Betriebsmittel, allgemeine Grunds\u00e4tze VDE &hellip; <\/p>\n<p class=\"link-more\"><a href=\"https:\/\/heller-kopf.de\/?page_id=50\" class=\"more-link\"><span class=\"screen-reader-text\">\u201eVDE Seminar Neuerscheinungen fachliche Vorschriften\u201c<\/span> weiterlesen<\/a><\/p>\n","protected":false},"author":1,"featured_media":0,"parent":0,"menu_order":0,"comment_status":"closed","ping_status":"closed","template":"","meta":{"footnotes":""},"class_list":["post-50","page","type-page","status-publish","hentry"],"_links":{"self":[{"href":"https:\/\/heller-kopf.de\/index.php?rest_route=\/wp\/v2\/pages\/50"}],"collection":[{"href":"https:\/\/heller-kopf.de\/index.php?rest_route=\/wp\/v2\/pages"}],"about":[{"href":"https:\/\/heller-kopf.de\/index.php?rest_route=\/wp\/v2\/types\/page"}],"author":[{"embeddable":true,"href":"https:\/\/heller-kopf.de\/index.php?rest_route=\/wp\/v2\/users\/1"}],"replies":[{"embeddable":true,"href":"https:\/\/heller-kopf.de\/index.php?rest_route=%2Fwp%2Fv2%2Fcomments&post=50"}],"version-history":[{"count":7,"href":"https:\/\/heller-kopf.de\/index.php?rest_route=\/wp\/v2\/pages\/50\/revisions"}],"predecessor-version":[{"id":62,"href":"https:\/\/heller-kopf.de\/index.php?rest_route=\/wp\/v2\/pages\/50\/revisions\/62"}],"wp:attachment":[{"href":"https:\/\/heller-kopf.de\/index.php?rest_route=%2Fwp%2Fv2%2Fmedia&parent=50"}],"curies":[{"name":"wp","href":"https:\/\/api.w.org\/{rel}","templated":true}]}}