{"id":45,"date":"2017-08-19T17:42:32","date_gmt":"2017-08-19T17:42:32","guid":{"rendered":"http:\/\/heller-kopf.de\/?page_id=45"},"modified":"2017-08-19T22:18:25","modified_gmt":"2017-08-19T22:18:25","slug":"zertifizierungen","status":"publish","type":"page","link":"https:\/\/heller-kopf.de\/?page_id=45","title":{"rendered":"Zertifizierungen"},"content":{"rendered":"<p>Hier finden Sie ausgew\u00e4hlte Zertifikate welche ich in den Letzen Jahren erworben habe.<\/p>\n<p>Klicken Sie einfach im oberen Men\u00fc auf die gew\u00fcnschte Information.<\/p>\n<p>Zertifizierungen in den einschl\u00e4gigen MS-Office Anwendungen liegen kein vor, aber selbstverst\u00e4ndlich habe ich umfangreiche Kenntnisse und bin sicher in dessen Handhabung.<\/p>\n<p>CAD Kentnisse und Fertigkeiten besitze ich in DDS-CAD und AutoCAD.<\/p>\n<p>Auch E-Plan und WS-CAD sind mir kein Fremdwort.<\/p>\n","protected":false},"excerpt":{"rendered":"<p>Hier finden Sie ausgew\u00e4hlte Zertifikate welche ich in den Letzen Jahren erworben habe. Klicken Sie einfach im oberen Men\u00fc auf die gew\u00fcnschte Information. Zertifizierungen in den einschl\u00e4gigen MS-Office Anwendungen liegen kein vor, aber selbstverst\u00e4ndlich habe ich umfangreiche Kenntnisse und bin sicher in dessen Handhabung. CAD Kentnisse und Fertigkeiten besitze ich in DDS-CAD und AutoCAD. Auch &hellip; <\/p>\n<p class=\"link-more\"><a href=\"https:\/\/heller-kopf.de\/?page_id=45\" class=\"more-link\"><span class=\"screen-reader-text\">\u201eZertifizierungen\u201c<\/span> weiterlesen<\/a><\/p>\n","protected":false},"author":1,"featured_media":0,"parent":0,"menu_order":0,"comment_status":"closed","ping_status":"closed","template":"","meta":{"footnotes":""},"class_list":["post-45","page","type-page","status-publish","hentry"],"_links":{"self":[{"href":"https:\/\/heller-kopf.de\/index.php?rest_route=\/wp\/v2\/pages\/45"}],"collection":[{"href":"https:\/\/heller-kopf.de\/index.php?rest_route=\/wp\/v2\/pages"}],"about":[{"href":"https:\/\/heller-kopf.de\/index.php?rest_route=\/wp\/v2\/types\/page"}],"author":[{"embeddable":true,"href":"https:\/\/heller-kopf.de\/index.php?rest_route=\/wp\/v2\/users\/1"}],"replies":[{"embeddable":true,"href":"https:\/\/heller-kopf.de\/index.php?rest_route=%2Fwp%2Fv2%2Fcomments&post=45"}],"version-history":[{"count":5,"href":"https:\/\/heller-kopf.de\/index.php?rest_route=\/wp\/v2\/pages\/45\/revisions"}],"predecessor-version":[{"id":152,"href":"https:\/\/heller-kopf.de\/index.php?rest_route=\/wp\/v2\/pages\/45\/revisions\/152"}],"wp:attachment":[{"href":"https:\/\/heller-kopf.de\/index.php?rest_route=%2Fwp%2Fv2%2Fmedia&parent=45"}],"curies":[{"name":"wp","href":"https:\/\/api.w.org\/{rel}","templated":true}]}}