{"id":2,"date":"2016-05-10T03:48:21","date_gmt":"2016-05-10T03:48:21","guid":{"rendered":"http:\/\/heller-kopf.de\/?page_id=2"},"modified":"2017-08-19T16:30:04","modified_gmt":"2017-08-19T16:30:04","slug":"sample-page","status":"publish","type":"page","link":"https:\/\/heller-kopf.de\/","title":{"rendered":"Willkommen"},"content":{"rendered":"<p>Herzlich willkommen auf dem Internet-Auftritt von Heller-Kopf.de.<\/p>\n<p>Auf diesen Seiten m\u00f6chte ich mich ein wenig vorstellen. \u00a0Sie finden hier eine \u00dcbersicht \u00fcber meine Hobby`s, meine berufliche Laufbahn dazu erworbene Zertifikate und nat\u00fcrlich auch einige meiner Referenzen.<\/p>\n<p>Viel Spass beim st\u00f6bern<\/p>\n<p>&nbsp;<\/p>\n","protected":false},"excerpt":{"rendered":"<p>Herzlich willkommen auf dem Internet-Auftritt von Heller-Kopf.de. Auf diesen Seiten m\u00f6chte ich mich ein wenig vorstellen. \u00a0Sie finden hier eine \u00dcbersicht \u00fcber meine Hobby`s, meine berufliche Laufbahn dazu erworbene Zertifikate und nat\u00fcrlich auch einige meiner Referenzen. Viel Spass beim st\u00f6bern &nbsp;<\/p>\n","protected":false},"author":1,"featured_media":0,"parent":0,"menu_order":0,"comment_status":"closed","ping_status":"open","template":"","meta":{"footnotes":""},"class_list":["post-2","page","type-page","status-publish","hentry"],"_links":{"self":[{"href":"https:\/\/heller-kopf.de\/index.php?rest_route=\/wp\/v2\/pages\/2"}],"collection":[{"href":"https:\/\/heller-kopf.de\/index.php?rest_route=\/wp\/v2\/pages"}],"about":[{"href":"https:\/\/heller-kopf.de\/index.php?rest_route=\/wp\/v2\/types\/page"}],"author":[{"embeddable":true,"href":"https:\/\/heller-kopf.de\/index.php?rest_route=\/wp\/v2\/users\/1"}],"replies":[{"embeddable":true,"href":"https:\/\/heller-kopf.de\/index.php?rest_route=%2Fwp%2Fv2%2Fcomments&post=2"}],"version-history":[{"count":2,"href":"https:\/\/heller-kopf.de\/index.php?rest_route=\/wp\/v2\/pages\/2\/revisions"}],"predecessor-version":[{"id":14,"href":"https:\/\/heller-kopf.de\/index.php?rest_route=\/wp\/v2\/pages\/2\/revisions\/14"}],"wp:attachment":[{"href":"https:\/\/heller-kopf.de\/index.php?rest_route=%2Fwp%2Fv2%2Fmedia&parent=2"}],"curies":[{"name":"wp","href":"https:\/\/api.w.org\/{rel}","templated":true}]}}