{"id":19,"date":"2017-08-19T16:28:03","date_gmt":"2017-08-19T16:28:03","guid":{"rendered":"http:\/\/heller-kopf.de\/?page_id=19"},"modified":"2020-10-28T11:44:00","modified_gmt":"2020-10-28T11:44:00","slug":"berufl-werdegang","status":"publish","type":"page","link":"https:\/\/heller-kopf.de\/?page_id=19","title":{"rendered":"Berufl. Werdegang"},"content":{"rendered":"<h5>08.1999 &#8211; 01.2003\u00a0<a href=\"http:\/\/thuernagel.com\/\">Elektro-Service-Th\u00fcrnagel GmbH<\/a><\/h5>\n<ul>\n<li>Ausbildung zum Elektroinstallateur<\/li>\n<\/ul>\n<h5>02.2003 &#8211; 03.2003 <a href=\"http:\/\/www.cartrim.de\/\">Cartrim Gmbh<\/a><\/h5>\n<ul>\n<li>Mitarbeiter in der Betriebstechnik<\/li>\n<\/ul>\n<h5>04.2003 &#8211; 04.2009 <a href=\"http:\/\/www.bundeswehr.de\">Zeitsoldat<\/a><\/h5>\n<ul>\n<li>\u00dcbSoldat SatCom MK<\/li>\n<li>Ausbildung zum Unteroffizier<\/li>\n<li>Mitarbeit in der Waffeninstandsetzung<\/li>\n<li>Weiterbildung zum Truppenfernmelder<\/li>\n<li>Ernennung zum Stabsunteroffizier<\/li>\n<li>Wechsel der Gattung zu den Pionieren<\/li>\n<li>Ausbildung zum PiBauElektrikerUnteroffizier<\/li>\n<\/ul>\n<h5>05.2009 &#8211; 06-2010 <a href=\"http:\/\/handwerk-owl.de\/de\/weiterbildung\/meister_5_91.html\">Meisterschule<\/a><\/h5>\n<ul>\n<li>Ausbildung zum Meister im Elektrotechnikerhandwerk in Vollzeit<\/li>\n<\/ul>\n<h5>06.2010 &#8211; 05.2011 <a href=\"http:\/\/www3.fronius.com\/cps\/rde\/xchg\/SID-330329B0-B7F9FADE\/fronius_deutschland\/hs.xsl\/15128_DEU_HTML.htm#.WZiKylpJZE4\">Fronius Deutschland Gmbh<\/a><\/h5>\n<ul>\n<li>Mitarbeiter im Technischen Support Aufnahme von Servicef\u00e4llen<\/li>\n<li>Hilfe bei der Auslegung und Projektierung von Photovoltaikanlagen<\/li>\n<li>Service und Unterst\u00fctzung bei PV-Anlagen vor Ort<\/li>\n<\/ul>\n<h5>06.2011 &#8211; 10.2013 <a href=\"http:\/\/www.herbst-elektroinstallation.de\/\">Herbst elektroinstallation<\/a><\/h5>\n<ul>\n<li>Bauleitung und Ausf\u00fchrung f\u00fcr Industriebauten und Geb\u00e4ude der Lebensmittelindustrie<\/li>\n<li>Planung, Ausf\u00fchrung und Bauleitung von Neubauten im Privat- und Gewerbebau<\/li>\n<li>Aufma\u00df und Abrechnung diverser Bauvorhaben als Bauleiter<\/li>\n<li>CAD-gest\u00fctzte Planung von Elektroinstallationen<\/li>\n<li>Planung, Beantragung, Installation sowie Inbetriebnahme von Photovoltaikanlagen<\/li>\n<li>Planung und Installation von Blitzschutzanlagen<\/li>\n<li>Vor und Nachbereitung von Sachverst\u00e4ndigenabnahmen<\/li>\n<\/ul>\n<h5>10.2013 &#8211; 03.2014 <a href=\"http:\/\/www.elektro-minde.de\/\">Elektro-Minde<\/a><\/h5>\n<ul>\n<li>Planung diverser Neubauten im Privat- und Gewerbebau<\/li>\n<li>Beantragung und Installation von Baustromanlagen<\/li>\n<li>CAD-gest\u00fctzte Planung von Elektroinstallationen<\/li>\n<\/ul>\n<h5>\u00a004.2014 &#8211; heute <a href=\"http:\/\/elektro-anlagen-baer.com\/\">Elektro-Anlagen-B\u00e4r Gmbh<\/a><\/h5>\n<ul>\n<li>Technischer Betriebsleiter (VEFK)<\/li>\n<li>Konzessionstr\u00e4ger<\/li>\n<li>CAD-gest\u00fctzte Planung diverser Neubauten im Privat- und Gewerbebau<br \/>\n<ul>\n<li>&#8211; Autoh\u00e4user<br \/>&#8211; Lagerhallen<br \/>&#8211; gehobener Wohnungsbau<br \/>&#8211; B\u00fcrogeb\u00e4ude<br \/>&#8211; Schulbau<\/li>\n<\/ul>\n<\/li>\n<li>Verteilerplanung mit Branchensoftware (HagerCad &#8211; StriePlan)<\/li>\n<li>Beleuchtungsplanung mit Branchensoftware f\u00fcr innen und Au\u00dfenbereich (DiaLux)<\/li>\n<li>Einbau, Installation und Inbetriebnahme von Sonnenschutzanlagen<\/li>\n<li>Planung, Projektierung und Anschluss von EDV-Netzwerken<\/li>\n<li>Sicherheitsbeleuchtungsanlagen f\u00fcr \u00f6ffentliche Geb\u00e4ude und Arbeitsst\u00e4tten<\/li>\n<li>Planung, Beantragung, Installation, Inbetriebnahme sowie Wartung von Photovoltaikanlagen bis 100kW incl. Speicherl\u00f6sungen<\/li>\n<li>Eigenstromversorgungsanlagen in Verbindung mit Photovoltaik (Insell\u00f6sung)<\/li>\n<li>Aufma\u00df und Abrechnung diverser Bauvorhaben Video\u00fcberwachungsanlagen<\/li>\n<li>Planung und Aufbau von Medientechnik f\u00fcr Pr\u00e4sentationsr\u00e4ume<\/li>\n<li>Planung und Projektierung von Bussystemen zur Raumautomation<\/li>\n<li>Planung und Programmierung von SmartHome-L\u00f6sungen f\u00fcr den Endverbraucher<\/li>\n<\/ul>\n<p>\u00a0<\/p>\n\n\n<p><\/p>\n","protected":false},"excerpt":{"rendered":"<p>08.1999 &#8211; 01.2003\u00a0Elektro-Service-Th\u00fcrnagel GmbH Ausbildung zum Elektroinstallateur 02.2003 &#8211; 03.2003 Cartrim Gmbh Mitarbeiter in der Betriebstechnik 04.2003 &#8211; 04.2009 Zeitsoldat \u00dcbSoldat SatCom MK Ausbildung zum Unteroffizier Mitarbeit in der Waffeninstandsetzung Weiterbildung zum Truppenfernmelder Ernennung zum Stabsunteroffizier Wechsel der Gattung zu den Pionieren Ausbildung zum PiBauElektrikerUnteroffizier 05.2009 &#8211; 06-2010 Meisterschule Ausbildung zum Meister im Elektrotechnikerhandwerk in &hellip; <\/p>\n<p class=\"link-more\"><a href=\"https:\/\/heller-kopf.de\/?page_id=19\" class=\"more-link\"><span class=\"screen-reader-text\">\u201eBerufl. Werdegang\u201c<\/span> weiterlesen<\/a><\/p>\n","protected":false},"author":1,"featured_media":0,"parent":0,"menu_order":0,"comment_status":"closed","ping_status":"closed","template":"","meta":{"footnotes":""},"class_list":["post-19","page","type-page","status-publish","hentry"],"_links":{"self":[{"href":"https:\/\/heller-kopf.de\/index.php?rest_route=\/wp\/v2\/pages\/19"}],"collection":[{"href":"https:\/\/heller-kopf.de\/index.php?rest_route=\/wp\/v2\/pages"}],"about":[{"href":"https:\/\/heller-kopf.de\/index.php?rest_route=\/wp\/v2\/types\/page"}],"author":[{"embeddable":true,"href":"https:\/\/heller-kopf.de\/index.php?rest_route=\/wp\/v2\/users\/1"}],"replies":[{"embeddable":true,"href":"https:\/\/heller-kopf.de\/index.php?rest_route=%2Fwp%2Fv2%2Fcomments&post=19"}],"version-history":[{"count":29,"href":"https:\/\/heller-kopf.de\/index.php?rest_route=\/wp\/v2\/pages\/19\/revisions"}],"predecessor-version":[{"id":166,"href":"https:\/\/heller-kopf.de\/index.php?rest_route=\/wp\/v2\/pages\/19\/revisions\/166"}],"wp:attachment":[{"href":"https:\/\/heller-kopf.de\/index.php?rest_route=%2Fwp%2Fv2%2Fmedia&parent=19"}],"curies":[{"name":"wp","href":"https:\/\/api.w.org\/{rel}","templated":true}]}}