{"id":130,"date":"2017-08-19T20:46:05","date_gmt":"2017-08-19T20:46:05","guid":{"rendered":"http:\/\/heller-kopf.de\/?page_id=130"},"modified":"2017-08-19T20:46:05","modified_gmt":"2017-08-19T20:46:05","slug":"solaredge","status":"publish","type":"page","link":"https:\/\/heller-kopf.de\/?page_id=130","title":{"rendered":"SolarEdge"},"content":{"rendered":"<p>In diesen Seminar wurden folgende Themenbereiche behandelt:<\/p>\n<ul>\n<li>Produkt\u00fcbersicht<\/li>\n<li>Installation mit ModBus Z\u00e4hler<\/li>\n<li>Installation und Konfiguration<\/li>\n<li>Sicherheit beim Transport von Batteriespeichersystemen<\/li>\n<li>Installationscheck und Qualit\u00e4tssicherung<\/li>\n<li>Servicef\u00e4lle<\/li>\n<\/ul>\n<p><a href=\"http:\/\/heller-kopf.de\/wp-content\/uploads\/2017\/08\/Zert-SolarEdge.pdf\">Zertifikat SolarEdge<\/a><\/p>\n","protected":false},"excerpt":{"rendered":"<p>In diesen Seminar wurden folgende Themenbereiche behandelt: Produkt\u00fcbersicht Installation mit ModBus Z\u00e4hler Installation und Konfiguration Sicherheit beim Transport von Batteriespeichersystemen Installationscheck und Qualit\u00e4tssicherung Servicef\u00e4lle Zertifikat SolarEdge<\/p>\n","protected":false},"author":1,"featured_media":0,"parent":0,"menu_order":0,"comment_status":"closed","ping_status":"closed","template":"","meta":{"footnotes":""},"class_list":["post-130","page","type-page","status-publish","hentry"],"_links":{"self":[{"href":"https:\/\/heller-kopf.de\/index.php?rest_route=\/wp\/v2\/pages\/130"}],"collection":[{"href":"https:\/\/heller-kopf.de\/index.php?rest_route=\/wp\/v2\/pages"}],"about":[{"href":"https:\/\/heller-kopf.de\/index.php?rest_route=\/wp\/v2\/types\/page"}],"author":[{"embeddable":true,"href":"https:\/\/heller-kopf.de\/index.php?rest_route=\/wp\/v2\/users\/1"}],"replies":[{"embeddable":true,"href":"https:\/\/heller-kopf.de\/index.php?rest_route=%2Fwp%2Fv2%2Fcomments&post=130"}],"version-history":[{"count":1,"href":"https:\/\/heller-kopf.de\/index.php?rest_route=\/wp\/v2\/pages\/130\/revisions"}],"predecessor-version":[{"id":131,"href":"https:\/\/heller-kopf.de\/index.php?rest_route=\/wp\/v2\/pages\/130\/revisions\/131"}],"wp:attachment":[{"href":"https:\/\/heller-kopf.de\/index.php?rest_route=%2Fwp%2Fv2%2Fmedia&parent=130"}],"curies":[{"name":"wp","href":"https:\/\/api.w.org\/{rel}","templated":true}]}}